{"id":85,"date":"2017-02-25T22:48:54","date_gmt":"2017-02-25T21:48:54","guid":{"rendered":"http:\/\/nienburger-projekte.de\/?page_id=85"},"modified":"2018-05-24T13:52:01","modified_gmt":"2018-05-24T11:52:01","slug":"das-impressum","status":"publish","type":"page","link":"http:\/\/nienburger-projekte.de\/?page_id=85","title":{"rendered":"Das Impressum"},"content":{"rendered":"<h4>Verein zur F\u00f6rderung kultureller Projekte<br \/>\nin Nienburg a. d. Saale e.V.<\/h4>\n<p><img decoding=\"async\" loading=\"lazy\" class=\"size-medium wp-image-94 aligncenter\" src=\"http:\/\/nienburger-projekte.de\/wp-content\/uploads\/2017\/02\/VereinsWappen-300x300.gif\" alt=\"\" width=\"300\" height=\"300\" srcset=\"http:\/\/nienburger-projekte.de\/wp-content\/uploads\/2017\/02\/VereinsWappen-300x300.gif 300w, http:\/\/nienburger-projekte.de\/wp-content\/uploads\/2017\/02\/VereinsWappen-150x150.gif 150w\" sizes=\"(max-width: 300px) 100vw, 300px\" \/><\/p>\n<p>Der Verein ist gemeinn\u00fctzig t\u00e4tig und kann bei erfolgter Spende die Spendenbescheinigung ausstellen.<\/p>\n<p>Der Verein wurde am 2.Juli 1996 gegr\u00fcndet.<br \/>\nVorstand: Michael Bunge, Christian Kiesewetter, Ulrich Gerstner, Rosemarie Beyer<\/p>\n<p>Postanschrift: Verein Nienburger Projekte, Marktplatz 2, 06429 Nienburg \/ Saale<br \/>\ne-mail:\u00a0 <a href=\"mailto:kontakt@nienburger-projekte.de\"><u>kontakt@nienburger-projekte.de<\/u><\/a><\/p>\n<p>Steuernummer: 116\/142\/01748 , Finanzamt Bitterfeld-Wolfen Vereinsregister Stendal Gerichtsstand: Amtsgericht Bernburg<\/p>\n<p>Die auf diesen Seiten ver\u00f6ffentlichten Texte, Grafiken, Fotos und Programmbestandteile sind auch ohne weitere Kennzeichnung urheberrechtlich gesch\u00fctzt und d\u00fcrfen, wenn nicht ausdr\u00fccklich erw\u00e4hnt, ohne die explizite und schriftliche Best\u00e4tigung des Urhebers in keiner Form an anderer Stelle weiter ver\u00f6ffentlicht werden.<\/p>\n<p>Alle von <a href=\"http:\/\/www.nienburger-projekte.de\/\"><u>http:\/\/www.nienburger-projekte.de\/<\/u><\/a> \u00fcber Links angebundene Internetseiten waren zum Zeitpunkt der Aufnahme des Links funktionst\u00fcchtig und entsprachen den geltenden Gesetzen und moralischen Werten. Da wir keinen Einfluss auf die weitere Gestaltung der Seiten haben, sind wir nicht f\u00fcr deren Inhalt verantwortlich.<\/p>\n<p>Auf den Seiten auftretende Begriffe k\u00f6nnen auch ohne explizite Erw\u00e4hnung Handelsnamen, Marken und anderes sch\u00fctzenswerte Gut verschiedener Eigent\u00fcmer sein. Ein Zusammenhang mit Parteien, Organisationen oder Produkten mit eventuell \u00e4hnlichen Namen besteht nicht.<\/p>\n<p>Wir haben die Ihnen auf dieser Homepage pr\u00e4sentierten Informationen gr\u00fcndlich recherchiert und hier nach bestem Wissen und Gewissen dargestellt. Leider lassen sich Fehler nie ganz ausschlie\u00dfen. So \u00fcbernehmen wir keine Haftung f\u00fcr eventuelle Sch\u00e4den, die durch fehlende, mangelhafte, veraltete oder falsche Informationen auftreten. Sollte Ihnen ein Fehler auffallen, bitten wir Sie, uns zu benachrichtigen, damit wir diesen Fehler schnell beseitigen k\u00f6nnen.<\/p>\n<p>Logo und Gestaltung: <strong>Bunge<\/strong><em>Art<\/em> Mediendesign<\/p>\n<p><u><a href=\"http:\/\/www.bungeart.de\/\"><span style=\"color: #0066cc;\">www.BungeArt.de<\/span><\/a><\/u><br \/>\n<a href=\"mailto:office@bungeart.de\"><u><span style=\"color: #0066cc;\">office@bungeart.de<\/span><\/u><\/a><\/p>\n<table style=\"height: 44px;\" width=\"840\">\n<tbody>\n<tr>\n<td><\/td>\n<\/tr>\n<\/tbody>\n<\/table>\n<p><u>\u00a0<\/u><\/p>\n","protected":false},"excerpt":{"rendered":"<p>Verein zur F\u00f6rderung kultureller Projekte in Nienburg a. d. Saale e.V. Der Verein ist gemeinn\u00fctzig t\u00e4tig und kann bei erfolgter Spende die Spendenbescheinigung ausstellen. Der Verein wurde am 2.Juli 1996 gegr\u00fcndet. Vorstand: Michael Bunge, Christian Kiesewetter, Ulrich Gerstner, Rosemarie Beyer Postanschrift: Verein Nienburger Projekte, Marktplatz 2, 06429 Nienburg \/ Saale e-mail:\u00a0 kontakt@nienburger-projekte.de Steuernummer: 116\/142\/01748 , <a class=\"more-link\" href=\"http:\/\/nienburger-projekte.de\/?page_id=85\">weiterlesen&#8230;<\/a><\/p>\n","protected":false},"author":1,"featured_media":0,"parent":0,"menu_order":8,"comment_status":"closed","ping_status":"closed","template":"","meta":[],"_links":{"self":[{"href":"http:\/\/nienburger-projekte.de\/index.php?rest_route=\/wp\/v2\/pages\/85"}],"collection":[{"href":"http:\/\/nienburger-projekte.de\/index.php?rest_route=\/wp\/v2\/pages"}],"about":[{"href":"http:\/\/nienburger-projekte.de\/index.php?rest_route=\/wp\/v2\/types\/page"}],"author":[{"embeddable":true,"href":"http:\/\/nienburger-projekte.de\/index.php?rest_route=\/wp\/v2\/users\/1"}],"replies":[{"embeddable":true,"href":"http:\/\/nienburger-projekte.de\/index.php?rest_route=%2Fwp%2Fv2%2Fcomments&post=85"}],"version-history":[{"count":7,"href":"http:\/\/nienburger-projekte.de\/index.php?rest_route=\/wp\/v2\/pages\/85\/revisions"}],"predecessor-version":[{"id":136,"href":"http:\/\/nienburger-projekte.de\/index.php?rest_route=\/wp\/v2\/pages\/85\/revisions\/136"}],"wp:attachment":[{"href":"http:\/\/nienburger-projekte.de\/index.php?rest_route=%2Fwp%2Fv2%2Fmedia&parent=85"}],"curies":[{"name":"wp","href":"https:\/\/api.w.org\/{rel}","templated":true}]}}