{"id":44,"date":"2017-02-25T09:56:11","date_gmt":"2017-02-25T09:56:11","guid":{"rendered":"http:\/\/nienburger-projekte.de\/?page_id=44"},"modified":"2025-01-07T14:34:28","modified_gmt":"2025-01-07T13:34:28","slug":"das-lutzmann-denk-mal","status":"publish","type":"page","link":"http:\/\/nienburger-projekte.de\/?page_id=44","title":{"rendered":"Das Lutzmann &#8222;Denk mal&#8220;"},"content":{"rendered":"<h3>Nienburger Konstrukteur legte 1899 Grundstein f\u00fcr Opel-Fahrzeuge<\/h3>\n<h5>Unser Verein will einem Wegbereiter der deutschen Automobilindustrie posthum ein Denkmal setzen. Vielleicht denken Sie bei Ihrer n\u00e4chsten Autofahrt an ihn und unterst\u00fctzen dieses Projekt.<\/h5>\n<p><img decoding=\"async\" loading=\"lazy\" class=\"alignnone size-full wp-image-279\" src=\"http:\/\/nienburger-projekte.de\/wp-content\/uploads\/2017\/02\/Motiv-Wechselbild-Denk-mal_BungeArt.jpg\" alt=\"\" width=\"1666\" height=\"422\" srcset=\"http:\/\/nienburger-projekte.de\/wp-content\/uploads\/2017\/02\/Motiv-Wechselbild-Denk-mal_BungeArt.jpg 1666w, http:\/\/nienburger-projekte.de\/wp-content\/uploads\/2017\/02\/Motiv-Wechselbild-Denk-mal_BungeArt-300x76.jpg 300w, http:\/\/nienburger-projekte.de\/wp-content\/uploads\/2017\/02\/Motiv-Wechselbild-Denk-mal_BungeArt-768x195.jpg 768w, http:\/\/nienburger-projekte.de\/wp-content\/uploads\/2017\/02\/Motiv-Wechselbild-Denk-mal_BungeArt-1024x259.jpg 1024w\" sizes=\"(max-width: 1666px) 100vw, 1666px\" \/><\/p>\n<p>Zur Erinnerung an einen der drei gro\u00dfen Pioniere des Automobilbaues und Sohn der Stadt Nienburg, Friedrich Lutzmann, ist eine Gedenks\u00e4ule geplant. Sie soll an der Route des historischen Stadtrundgangs stehen.<\/p>\n<p>Mit <a href=\"http:\/\/www.bildhauer-dreysse.de\/\">Bildhauer Prof. Wolfgang Dreysse<\/a> hat unser Verein schon vor einiger Zeit einen renommierten K\u00fcnstler f\u00fcr dieses Vorhaben gewinnen k\u00f6nnen.<\/p>\n<p>Damit eines Tages das Denkmal zum Nienburger Stadtbild geh\u00f6rt, bedarf es einer finanziellen Kraftanstrengung. Schon jeder Euro bringt das Projekt ins Rollen.<br \/><strong>Sponsoren mit einer Spendensumme ab 100 \u20ac bekommen einen Schriftzug am Lutzmann-&#8222;Denk mal&#8220;<\/strong><\/p>\n<div style=\"width: 780px;\" class=\"wp-video\"><!--[if lt IE 9]><script>document.createElement('video');<\/script><![endif]-->\n<video class=\"wp-video-shortcode\" id=\"video-44-1\" width=\"780\" height=\"769\" preload=\"metadata\" controls=\"controls\"><source type=\"video\/mp4\" src=\"http:\/\/nienburger-projekte.de\/wp-content\/uploads\/2021\/12\/Lutzmann-Modell-Drehung-TX21.mp4?_=1\" \/><a href=\"http:\/\/nienburger-projekte.de\/wp-content\/uploads\/2021\/12\/Lutzmann-Modell-Drehung-TX21.mp4\">http:\/\/nienburger-projekte.de\/wp-content\/uploads\/2021\/12\/Lutzmann-Modell-Drehung-TX21.mp4<\/a><\/video><\/div>\n<h5><img decoding=\"async\" loading=\"lazy\" class=\"alignnone size-full wp-image-653 aligncenter\" src=\"http:\/\/nienburger-projekte.de\/wp-content\/uploads\/2021\/12\/Abstandhalter.jpg\" alt=\"\" width=\"113\" height=\"23\" \/><\/h5>\n<h4>Zur Person von Friedrich Lutzmann<\/h4>\n<p><strong>Friedrich Lutzmann<\/strong>\u00a0wurde am 5. April 1859 in <a href=\"http:\/\/www.nienburg-saale.de\"><u><span style=\"color: #0066cc;\">Nienburg an der Saale<\/span><\/u><\/a> geboren.<br \/>Nach der B\u00fcrgerschule in Nienburg besuchte er Gymnasien in K\u00f6then und Dessau.<\/p>\n<p><strong>Am 17. September 1893<\/strong> begr\u00fcndete er zusammen mit Fritz Koch in Dessau das erste automobile Taxi-Unternehmen Deutschlands mit einem Benz Victoria Vis-a-vis.<\/p>\n<p><strong>Am 15. Mai 1894 verlie\u00df<\/strong> der erste Motorwagen eigener Konstruktion seine \u201eAnhaltische Motorwagenfabrik\u201c in Dessau. Es war der \u201ePatentmotorwagen-Pfeil 1\u201c. H\u00f6chstgeschwindigkeit 25km\/h bei 3PS.<\/p>\n<p><img decoding=\"async\" loading=\"lazy\" class=\"size-full wp-image-28 aligncenter\" src=\"http:\/\/nienburger-projekte.de\/wp-content\/uploads\/2017\/02\/Lutzmann-Pfeil-1.jpg\" alt=\"\" width=\"468\" height=\"318\" srcset=\"http:\/\/nienburger-projekte.de\/wp-content\/uploads\/2017\/02\/Lutzmann-Pfeil-1.jpg 468w, http:\/\/nienburger-projekte.de\/wp-content\/uploads\/2017\/02\/Lutzmann-Pfeil-1-300x204.jpg 300w\" sizes=\"(max-width: 468px) 100vw, 468px\" \/><\/p>\n<p><strong>Am 30. September 1897 beteiligte<\/strong> er sich als Mitbegr\u00fcnder des Mitteleurop\u00e4ischen Motorwagen Vereins mit zwei seiner selbst konstruierten Patentmotorwagen System Lutzmann neben Carl Benz und Gottlieb Daimler als einer von vier Ausstellern auf der wohl ersten Internationalen Automobilausstellung Deutschlands in Berlin (sp\u00e4ter IAA).<\/p>\n<p><strong>Am 21. Januar 1899 verkaufte<\/strong> er seine Patente und Konstruktionen an die an ihn herangetretene Firma Opel, die bis dahin erfolgreich N\u00e4hmaschinen und Fahrr\u00e4der produzierte. Als Direktor der Opel-Fahrzeugwerke begr\u00fcndete er die Automobilindustrie in R\u00fcsselsheim. Die Stra\u00dfe am Opel-Firmensitz tr\u00e4gt seinen Namen, \u201eFriedrich-Lutzmann-Ring\u201c.<\/p>\n<p><img decoding=\"async\" loading=\"lazy\" class=\"size-full wp-image-29 aligncenter\" src=\"http:\/\/nienburger-projekte.de\/wp-content\/uploads\/2017\/02\/Opel-System-Lutzmann.jpg\" alt=\"\" width=\"468\" height=\"318\" srcset=\"http:\/\/nienburger-projekte.de\/wp-content\/uploads\/2017\/02\/Opel-System-Lutzmann.jpg 468w, http:\/\/nienburger-projekte.de\/wp-content\/uploads\/2017\/02\/Opel-System-Lutzmann-300x204.jpg 300w\" sizes=\"(max-width: 468px) 100vw, 468px\" \/><\/p>\n<p><strong>1901 gewann<\/strong> sein modifizierter Motorwagen das Bergrennen auf dem K\u00f6nigstuhl bei Heidelberg. 16 Konkurrenten hatten das Nachsehen.<\/p>\n<p><strong>1902 kehrte<\/strong> Lutzmann ins Konstrukteur-Fach zur\u00fcck.<\/p>\n<p><strong>1930 starb<\/strong> Friedrich Lutzmann in Dessau.<\/p>\n<p>Spenden f\u00fcr das Lutzmann-Denkmal k\u00f6nnen auf das Konto der Salzlandsparkasse mit Adresse und dem Verwendungszweck <strong>&#8222;Denk mal&#8220;<\/strong> eingezahlt werden:<br \/><strong>DE37 8005 5500 0340 0870 05<br \/><br \/><\/strong><\/p>\n<h4><a href=\"http:\/\/nienburger-projekte.de\/?page_id=287\">Jeder Euro bringt das Projekt ins rollen.<\/a><\/h4>\n<p><a href=\"http:\/\/www.mz-web.de\/salzlandkreis\/pionier-des-automobilbaus-ein-denkmal-fuer-lutzmann-25732014\"><u><span style=\"color: #0066cc;\">Beitrag in der Mitteldeutschen Zeitung vom Dienstag, 14. Februar 2017<\/span><\/u><\/a><\/p>\n<p>\u00a0<\/p>\n\n<div class=\"wp-block-image\">\n<figure class=\"aligncenter\"><a href=\"http:\/\/www.nienburg-saale.de\"><img decoding=\"async\" loading=\"lazy\" width=\"300\" height=\"224\" src=\"http:\/\/nienburger-projekte.de\/wp-content\/uploads\/2023\/01\/Logo-Loewe-Nienburg-300x224.jpg\" alt=\"\" class=\"wp-image-810\" srcset=\"http:\/\/nienburger-projekte.de\/wp-content\/uploads\/2023\/01\/Logo-Loewe-Nienburg-300x224.jpg 300w, http:\/\/nienburger-projekte.de\/wp-content\/uploads\/2023\/01\/Logo-Loewe-Nienburg-350x263.jpg 350w, http:\/\/nienburger-projekte.de\/wp-content\/uploads\/2023\/01\/Logo-Loewe-Nienburg-250x188.jpg 250w, http:\/\/nienburger-projekte.de\/wp-content\/uploads\/2023\/01\/Logo-Loewe-Nienburg.jpg 436w\" sizes=\"(max-width: 300px) 100vw, 300px\" \/><\/a><\/figure><\/div>","protected":false},"excerpt":{"rendered":"<p>Nienburger Konstrukteur legte 1899 Grundstein f\u00fcr Opel-Fahrzeuge Unser Verein will einem Wegbereiter der deutschen Automobilindustrie posthum ein Denkmal setzen. Vielleicht denken Sie bei Ihrer n\u00e4chsten Autofahrt an ihn und unterst\u00fctzen dieses Projekt. Zur Erinnerung an einen der drei gro\u00dfen Pioniere des Automobilbaues und Sohn der Stadt Nienburg, Friedrich Lutzmann, ist eine Gedenks\u00e4ule geplant. Sie soll <a class=\"more-link\" href=\"http:\/\/nienburger-projekte.de\/?page_id=44\">weiterlesen&#8230;<\/a><\/p>\n","protected":false},"author":1,"featured_media":0,"parent":0,"menu_order":1,"comment_status":"closed","ping_status":"closed","template":"","meta":[],"_links":{"self":[{"href":"http:\/\/nienburger-projekte.de\/index.php?rest_route=\/wp\/v2\/pages\/44"}],"collection":[{"href":"http:\/\/nienburger-projekte.de\/index.php?rest_route=\/wp\/v2\/pages"}],"about":[{"href":"http:\/\/nienburger-projekte.de\/index.php?rest_route=\/wp\/v2\/types\/page"}],"author":[{"embeddable":true,"href":"http:\/\/nienburger-projekte.de\/index.php?rest_route=\/wp\/v2\/users\/1"}],"replies":[{"embeddable":true,"href":"http:\/\/nienburger-projekte.de\/index.php?rest_route=%2Fwp%2Fv2%2Fcomments&post=44"}],"version-history":[{"count":20,"href":"http:\/\/nienburger-projekte.de\/index.php?rest_route=\/wp\/v2\/pages\/44\/revisions"}],"predecessor-version":[{"id":867,"href":"http:\/\/nienburger-projekte.de\/index.php?rest_route=\/wp\/v2\/pages\/44\/revisions\/867"}],"wp:attachment":[{"href":"http:\/\/nienburger-projekte.de\/index.php?rest_route=%2Fwp%2Fv2%2Fmedia&parent=44"}],"curies":[{"name":"wp","href":"https:\/\/api.w.org\/{rel}","templated":true}]}}