{"id":287,"date":"2017-03-19T21:09:21","date_gmt":"2017-03-19T20:09:21","guid":{"rendered":"http:\/\/nienburger-projekte.de\/?page_id=287"},"modified":"2025-08-06T20:08:51","modified_gmt":"2025-08-06T18:08:51","slug":"denk-mal-spenden","status":"publish","type":"page","link":"http:\/\/nienburger-projekte.de\/?page_id=287","title":{"rendered":"&#8222;Denk mal&#8220; Spenden"},"content":{"rendered":"<h4>Auf dieser Seite erfahren Sie mehr \u00fcber den Fortschritt des Projektes<\/h4>\n<p><img decoding=\"async\" loading=\"lazy\" class=\"alignnone size-full wp-image-288\" src=\"http:\/\/nienburger-projekte.de\/wp-content\/uploads\/2017\/03\/Motiv-Banner-Denk-mal-Projekt-ins-rollen-BungeArt.jpg\" alt=\"\" width=\"1666\" height=\"422\" srcset=\"http:\/\/nienburger-projekte.de\/wp-content\/uploads\/2017\/03\/Motiv-Banner-Denk-mal-Projekt-ins-rollen-BungeArt.jpg 1666w, http:\/\/nienburger-projekte.de\/wp-content\/uploads\/2017\/03\/Motiv-Banner-Denk-mal-Projekt-ins-rollen-BungeArt-300x76.jpg 300w, http:\/\/nienburger-projekte.de\/wp-content\/uploads\/2017\/03\/Motiv-Banner-Denk-mal-Projekt-ins-rollen-BungeArt-768x195.jpg 768w, http:\/\/nienburger-projekte.de\/wp-content\/uploads\/2017\/03\/Motiv-Banner-Denk-mal-Projekt-ins-rollen-BungeArt-1024x259.jpg 1024w\" sizes=\"(max-width: 1666px) 100vw, 1666px\" \/><\/p>\n<h4 style=\"text-align: center;\"><span style=\"color: #993300;\">Aktueller Spendenstand:<\/span><\/h4>\n<p><img decoding=\"async\" loading=\"lazy\" class=\"wp-image-891 aligncenter\" src=\"http:\/\/nienburger-projekte.de\/wp-content\/uploads\/2025\/08\/Spendenstand-06-08-2025.jpg\" alt=\"\" width=\"469\" height=\"136\" srcset=\"http:\/\/nienburger-projekte.de\/wp-content\/uploads\/2025\/08\/Spendenstand-06-08-2025.jpg 866w, http:\/\/nienburger-projekte.de\/wp-content\/uploads\/2025\/08\/Spendenstand-06-08-2025-300x87.jpg 300w, http:\/\/nienburger-projekte.de\/wp-content\/uploads\/2025\/08\/Spendenstand-06-08-2025-768x223.jpg 768w\" sizes=\"(max-width: 469px) 100vw, 469px\" \/><\/p>\n<p style=\"text-align: center;\"><span style=\"color: #993300;\">Spenden f\u00fcr das Lutzmann-Denkmal k\u00f6nnen auf das Konto der Salzlandsparkasse mit Adresse<\/span> <span style=\"color: #993300;\">und dem Verwendungszweck <strong>\u201eDenk mal\u201c<\/strong> eingezahlt werden:<\/span><br \/><strong><span style=\"color: #993300;\">DE37 8005 5500 0340<\/span> <span style=\"color: #993300;\">0870 05<\/span><\/strong><\/p>\n<p style=\"text-align: center;\"><span style=\"color: #993300;\">(Die Spendenquittung wird Ihnen auf Wunsch zugesandt)<\/span><\/p>\n<p>\u00a0<\/p>\n<p style=\"text-align: center;\">Die Gesamtkosten liegen derzeit bei 41.000 \u20ac.<br \/>Unser n\u00e4chstes Ziel sind 20.000 \u20ac. Damit k\u00f6nnen wir den 1. Auftrag ausl\u00f6sen.<\/p>\n<div style=\"width: 780px;\" class=\"wp-video\"><!--[if lt IE 9]><script>document.createElement('video');<\/script><![endif]-->\n<video class=\"wp-video-shortcode\" id=\"video-287-1\" width=\"780\" height=\"769\" preload=\"metadata\" controls=\"controls\"><source type=\"video\/mp4\" src=\"http:\/\/nienburger-projekte.de\/wp-content\/uploads\/2021\/12\/Lutzmann-Modell-Drehung-TX21.mp4?_=1\" \/><a href=\"http:\/\/nienburger-projekte.de\/wp-content\/uploads\/2021\/12\/Lutzmann-Modell-Drehung-TX21.mp4\">http:\/\/nienburger-projekte.de\/wp-content\/uploads\/2021\/12\/Lutzmann-Modell-Drehung-TX21.mp4<\/a><\/video><\/div>\n<p style=\"text-align: center;\"><strong><img decoding=\"async\" loading=\"lazy\" class=\"alignnone size-full wp-image-653\" src=\"http:\/\/nienburger-projekte.de\/wp-content\/uploads\/2021\/12\/Abstandhalter.jpg\" alt=\"\" width=\"113\" height=\"23\" \/><\/strong><\/p>\n<p style=\"text-align: center;\"><strong>Wir bedanken uns an dieser Stelle bei allen bisherigen Spendern!<\/strong><\/p>\n<p><em><strong>Spender\/Sponsoren mit einer Spendensumme ab 100 \u20ac bekommen einen Schriftzug am Lutzmann-\u201eDenk mal\u201c<\/strong><\/em><\/p>\n<p>Spenden f\u00fcr das Lutzmann-Denkmal k\u00f6nnen auf das Konto der Salzlandsparkasse mit Adresse und dem Verwendungszweck <strong>\u201eDenk mal\u201c<\/strong> eingezahlt werden:<br \/><strong>DE37 8005 5500 0340 0870 05<\/strong><\/p>\n<h4><span style=\"color: #993300;\"><strong>Bisherige Spender ab 100 Euro:<\/strong><\/span><\/h4>\n<p>Rosemarie Beyer<br \/>Monika Kahl<br \/>Ulrich Gerstner<br \/>Rainer Bunge<br \/>Michael Bunge<br \/>Familie Kaiser<br \/>Gert Rei\u00dfmann (Bernburg)<br \/>Klaus Reinicke (Jestetten)<br \/>Dr. Gabriele Wei\u00df<br \/>Alice Fuchs<br \/>Friedhelm u. Margit Dieme<br \/>Monika, Uwe u. Arne Klaus<br \/>Georg Kemper<br \/>Horst u. Doris Maletzki<br \/>Mario Talaska<br \/>Bernd Schulze und Angela Paul\u00a0 \u00a0(2025)<\/p>\n<p>\u00a0<\/p>\n<p><span class=\"a-core-headline is-main has-context-color-bright\" style=\"color: #000000;\">Der Erl\u00f6s vom Nienburger Weihnachtsmarkt 2019 betr\u00e4gt: <strong>130,30 \u20ac<\/strong><\/span><\/p>\n<p class=\"m-retailer-store-title\">Der Erl\u00f6s vom Nienburger Weihnachtsmarkt 2018 betr\u00e4gt: <strong>170,40 \u20ac<\/strong><\/p>\n<p class=\"m-retailer-store-title\"><span class=\"a-core-headline is-main has-context-color-bright\">Die Spenden vom Flaschenpfand-Bon f\u00fcr dieses Projekt bei EDEKA Rehak <span class=\"a-core-copy has-context-color-bright is-static\"> Ernst-Th\u00e4lmann-Allee 51, 06429 Nienburg, erbrachten <strong>178,79 \u20ac<\/strong><\/span><\/span><\/p>\n<p>Der Erl\u00f6s vom Nienburger Weihnachtsmarkt 2017 betr\u00e4gt: <strong>191,40 \u20ac<\/strong><\/p>\n<p class=\"m-retailer-store-title\"><span class=\"a-core-copy has-context-color-bright is-static\"><span style=\"color: #993300;\">\u00a0<\/span><\/span><\/p>\n<p class=\"m-retailer-store-title\"><a href=\"http:\/\/www.nienburg-saale.de\"><img decoding=\"async\" loading=\"lazy\" class=\"aligncenter\" src=\"http:\/\/nienburger-projekte.de\/wp-content\/uploads\/2023\/01\/Logo-Loewe-Nienburg-300x224.jpg\" alt=\"Zu den Seiten von Nienburg-Saale.de\" width=\"230\" height=\"172\" \/><\/a><\/p>\n\n\n<figure class=\"wp-block-image\"><img alt=\"\"\/><\/figure>\n\n\n\n<figure class=\"wp-block-image\"><img alt=\"\"\/><\/figure>\n\n\n\n<figure class=\"wp-block-image\"><img alt=\"\"\/><\/figure>\n\n\n\n<figure class=\"wp-block-image\"><img alt=\"\"\/><\/figure>\n","protected":false},"excerpt":{"rendered":"<p>Auf dieser Seite erfahren Sie mehr \u00fcber den Fortschritt des Projektes Aktueller Spendenstand: Spenden f\u00fcr das Lutzmann-Denkmal k\u00f6nnen auf das Konto der Salzlandsparkasse mit Adresse und dem Verwendungszweck \u201eDenk mal\u201c eingezahlt werden:DE37 8005 5500 0340 0870 05 (Die Spendenquittung wird Ihnen auf Wunsch zugesandt) \u00a0 Die Gesamtkosten liegen derzeit bei 41.000 \u20ac.Unser n\u00e4chstes Ziel sind <a class=\"more-link\" href=\"http:\/\/nienburger-projekte.de\/?page_id=287\">weiterlesen&#8230;<\/a><\/p>\n","protected":false},"author":1,"featured_media":0,"parent":44,"menu_order":1,"comment_status":"closed","ping_status":"closed","template":"","meta":[],"_links":{"self":[{"href":"http:\/\/nienburger-projekte.de\/index.php?rest_route=\/wp\/v2\/pages\/287"}],"collection":[{"href":"http:\/\/nienburger-projekte.de\/index.php?rest_route=\/wp\/v2\/pages"}],"about":[{"href":"http:\/\/nienburger-projekte.de\/index.php?rest_route=\/wp\/v2\/types\/page"}],"author":[{"embeddable":true,"href":"http:\/\/nienburger-projekte.de\/index.php?rest_route=\/wp\/v2\/users\/1"}],"replies":[{"embeddable":true,"href":"http:\/\/nienburger-projekte.de\/index.php?rest_route=%2Fwp%2Fv2%2Fcomments&post=287"}],"version-history":[{"count":32,"href":"http:\/\/nienburger-projekte.de\/index.php?rest_route=\/wp\/v2\/pages\/287\/revisions"}],"predecessor-version":[{"id":894,"href":"http:\/\/nienburger-projekte.de\/index.php?rest_route=\/wp\/v2\/pages\/287\/revisions\/894"}],"up":[{"embeddable":true,"href":"http:\/\/nienburger-projekte.de\/index.php?rest_route=\/wp\/v2\/pages\/44"}],"wp:attachment":[{"href":"http:\/\/nienburger-projekte.de\/index.php?rest_route=%2Fwp%2Fv2%2Fmedia&parent=287"}],"curies":[{"name":"wp","href":"https:\/\/api.w.org\/{rel}","templated":true}]}}