{"id":192,"date":"2017-03-12T23:46:43","date_gmt":"2017-03-12T22:46:43","guid":{"rendered":"http:\/\/nienburger-projekte.de\/?page_id=192"},"modified":"2017-03-15T14:59:50","modified_gmt":"2017-03-15T13:59:50","slug":"einstige-einblicke","status":"publish","type":"page","link":"http:\/\/nienburger-projekte.de\/?page_id=192","title":{"rendered":"Einstige Einblicke"},"content":{"rendered":"<h4>Wie es so hinter manch Mauer und verschlossener T\u00fcr aussehen mag?<\/h4>\n<p><img decoding=\"async\" loading=\"lazy\" class=\"alignnone size-full wp-image-193 aligncenter\" src=\"http:\/\/nienburger-projekte.de\/wp-content\/uploads\/2017\/03\/3_Tag-2012.jpg\" alt=\"\" width=\"318\" height=\"167\" srcset=\"http:\/\/nienburger-projekte.de\/wp-content\/uploads\/2017\/03\/3_Tag-2012.jpg 318w, http:\/\/nienburger-projekte.de\/wp-content\/uploads\/2017\/03\/3_Tag-2012-300x158.jpg 300w\" sizes=\"(max-width: 318px) 100vw, 318px\" \/><\/p>\n<p>Dazu hatten die Besucher des 3. Tages der offenen H\u00f6fe und G\u00e4rten in Nienburg und Umgebung die Gelegenheit. Ob ein Gartenparadies in einem alten Hof oder eine alte historische B\u00e4ckerei; sicherlich war f\u00fcr jeden Geschmack etwas Passendes dabei.<\/p>\n<p><iframe loading=\"lazy\" width=\"780\" height=\"585\" src=\"https:\/\/www.youtube.com\/embed\/jK-FunSQWwE?feature=oembed\" frameborder=\"0\" allowfullscreen><\/iframe><\/p>\n<p>Text und Video: RAN 1<\/p>\n","protected":false},"excerpt":{"rendered":"<p>Wie es so hinter manch Mauer und verschlossener T\u00fcr aussehen mag? Dazu hatten die Besucher des 3. Tages der offenen H\u00f6fe und G\u00e4rten in Nienburg und Umgebung die Gelegenheit. Ob ein Gartenparadies in einem alten Hof oder eine alte historische B\u00e4ckerei; sicherlich war f\u00fcr jeden Geschmack etwas Passendes dabei. Text und Video: RAN 1<\/p>\n","protected":false},"author":1,"featured_media":0,"parent":179,"menu_order":2,"comment_status":"closed","ping_status":"closed","template":"","meta":[],"_links":{"self":[{"href":"http:\/\/nienburger-projekte.de\/index.php?rest_route=\/wp\/v2\/pages\/192"}],"collection":[{"href":"http:\/\/nienburger-projekte.de\/index.php?rest_route=\/wp\/v2\/pages"}],"about":[{"href":"http:\/\/nienburger-projekte.de\/index.php?rest_route=\/wp\/v2\/types\/page"}],"author":[{"embeddable":true,"href":"http:\/\/nienburger-projekte.de\/index.php?rest_route=\/wp\/v2\/users\/1"}],"replies":[{"embeddable":true,"href":"http:\/\/nienburger-projekte.de\/index.php?rest_route=%2Fwp%2Fv2%2Fcomments&post=192"}],"version-history":[{"count":2,"href":"http:\/\/nienburger-projekte.de\/index.php?rest_route=\/wp\/v2\/pages\/192\/revisions"}],"predecessor-version":[{"id":195,"href":"http:\/\/nienburger-projekte.de\/index.php?rest_route=\/wp\/v2\/pages\/192\/revisions\/195"}],"up":[{"embeddable":true,"href":"http:\/\/nienburger-projekte.de\/index.php?rest_route=\/wp\/v2\/pages\/179"}],"wp:attachment":[{"href":"http:\/\/nienburger-projekte.de\/index.php?rest_route=%2Fwp%2Fv2%2Fmedia&parent=192"}],"curies":[{"name":"wp","href":"https:\/\/api.w.org\/{rel}","templated":true}]}}