{"id":179,"date":"2017-03-11T23:25:09","date_gmt":"2017-03-11T22:25:09","guid":{"rendered":"http:\/\/nienburger-projekte.de\/?page_id=179"},"modified":"2026-04-25T16:32:17","modified_gmt":"2026-04-25T14:32:17","slug":"tag-der-offenen-hoefe-und-gaerten","status":"publish","type":"page","link":"http:\/\/nienburger-projekte.de\/?page_id=179","title":{"rendered":"Tag der offenen H\u00f6fe und G\u00e4rten"},"content":{"rendered":"<h2 style=\"text-align: center;\"><img decoding=\"async\" loading=\"lazy\" class=\"aligncenter size-full wp-image-397\" src=\"http:\/\/nienburger-projekte.de\/wp-content\/uploads\/2017\/03\/HuG-C-2010.jpg\" alt=\"\" width=\"405\" height=\"386\" srcset=\"http:\/\/nienburger-projekte.de\/wp-content\/uploads\/2017\/03\/HuG-C-2010.jpg 405w, http:\/\/nienburger-projekte.de\/wp-content\/uploads\/2017\/03\/HuG-C-2010-300x286.jpg 300w\" sizes=\"(max-width: 405px) 100vw, 405px\" \/><\/h2>\n<h2 style=\"text-align: center;\"><span style=\"color: #008000;\">Willkommen im Gr\u00fcnen!<\/span><\/h2>\n<h4 style=\"text-align: center;\"><span style=\"color: #1a1a1a; font-family: 'Arial','sans-serif';\"><strong>Hei\u00dft es am 05. Juli 2026\u00a0<br \/><\/strong><\/span><span style=\"color: #1a1a1a; font-family: 'Arial','sans-serif';\"><strong>zum Tag der offenen H\u00f6fe und G\u00e4rten in<br \/>Nienburg Saale und Umgebung\u00a0<br \/>11.00 Uhr bis 15.00 Uhr<\/strong><\/span><\/h4>\n<p>\u00a0<\/p>\n<p style=\"text-align: center;\"><img decoding=\"async\" loading=\"lazy\" class=\" wp-image-897 aligncenter\" src=\"http:\/\/nienburger-projekte.de\/wp-content\/uploads\/2026\/04\/17_Tag-2026-Karte-web.jpg\" alt=\"\" width=\"714\" height=\"385\" srcset=\"http:\/\/nienburger-projekte.de\/wp-content\/uploads\/2026\/04\/17_Tag-2026-Karte-web.jpg 681w, http:\/\/nienburger-projekte.de\/wp-content\/uploads\/2026\/04\/17_Tag-2026-Karte-web-300x162.jpg 300w\" sizes=\"(max-width: 714px) 100vw, 714px\" \/><\/p>\n<p style=\"text-align: center;\">\u00a0<\/p>\n<h3 style=\"text-align: center;\"><span style=\"color: #993366;\"><strong>\u00a0Wenn Sie selbst teilnehmen m\u00f6chten, schreiben Sie uns!<\/strong><\/span><\/h3>\n<h3><img decoding=\"async\" loading=\"lazy\" class=\"aligncenter  wp-image-600\" src=\"http:\/\/nienburger-projekte.de\/wp-content\/uploads\/2021\/03\/Spruch-von-Dieter-Kienast-1024x370.jpg\" alt=\"\" width=\"420\" height=\"152\" srcset=\"http:\/\/nienburger-projekte.de\/wp-content\/uploads\/2021\/03\/Spruch-von-Dieter-Kienast-1024x370.jpg 1024w, http:\/\/nienburger-projekte.de\/wp-content\/uploads\/2021\/03\/Spruch-von-Dieter-Kienast-300x108.jpg 300w, http:\/\/nienburger-projekte.de\/wp-content\/uploads\/2021\/03\/Spruch-von-Dieter-Kienast-768x277.jpg 768w, http:\/\/nienburger-projekte.de\/wp-content\/uploads\/2021\/03\/Spruch-von-Dieter-Kienast.jpg 1967w\" sizes=\"(max-width: 420px) 100vw, 420px\" \/><\/h3>\n<h4 style=\"text-align: center;\"><span style=\"color: #1a1a1a; font-family: 'Arial','sans-serif';\"><br \/>Verein zur F\u00f6rderung kultureller Projekte in Nienburg an der Saale e. V.\u00a0<\/span><\/h4>\n<p>\u00a0<\/p>\n<p><span style=\"color: #008000;\"><a style=\"color: #008000;\" href=\"mailto:kontakt@nienburger-projekte.de\"><span style=\"font-family: 'Arial','sans-serif';\"><u><strong>kontakt@nienburger-projekte.de<\/strong><\/u><\/span><\/a><\/span><\/p>\n<p style=\"text-align: center;\"><a href=\"http:\/\/www.nienburg-saale.de\"><img decoding=\"async\" loading=\"lazy\" class=\"aligncenter wp-image-810\" src=\"http:\/\/nienburger-projekte.de\/wp-content\/uploads\/2023\/01\/Logo-Loewe-Nienburg-300x224.jpg\" alt=\"Zu den Seiten von Nienburg-Saale.de\" width=\"159\" height=\"119\" srcset=\"http:\/\/nienburger-projekte.de\/wp-content\/uploads\/2023\/01\/Logo-Loewe-Nienburg-300x224.jpg 300w, http:\/\/nienburger-projekte.de\/wp-content\/uploads\/2023\/01\/Logo-Loewe-Nienburg-350x263.jpg 350w, http:\/\/nienburger-projekte.de\/wp-content\/uploads\/2023\/01\/Logo-Loewe-Nienburg-250x188.jpg 250w, http:\/\/nienburger-projekte.de\/wp-content\/uploads\/2023\/01\/Logo-Loewe-Nienburg.jpg 436w\" sizes=\"(max-width: 159px) 100vw, 159px\" \/><\/a><\/p>\n<h2 style=\"text-align: center;\"><span style=\"color: #008000;\">\u00a0Es \u00f6ffnen f\u00fcr Sie am 5. Juli 2026:<\/span><\/h2>\n<p>\u00a0<\/p>\n<p style=\"text-align: center;\"><strong><span style=\"color: #008000;\">FAMILIE KIESEWETTER<\/span><br \/>Rudolf-Breitscheid-Stra\u00dfe 45, 06429 Nienburg<\/strong><\/p>\n<p style=\"text-align: center;\"><img decoding=\"async\" loading=\"lazy\" class=\"wp-image-884 aligncenter\" src=\"http:\/\/nienburger-projekte.de\/wp-content\/uploads\/2025\/05\/Kiesewetztzer-2025x.jpg\" alt=\"\" width=\"585\" height=\"776\" srcset=\"http:\/\/nienburger-projekte.de\/wp-content\/uploads\/2025\/05\/Kiesewetztzer-2025x.jpg 624w, http:\/\/nienburger-projekte.de\/wp-content\/uploads\/2025\/05\/Kiesewetztzer-2025x-226x300.jpg 226w\" sizes=\"(max-width: 585px) 100vw, 585px\" \/><\/p>\n<p style=\"text-align: center;\">und<\/p>\n<p style=\"text-align: center;\"><span style=\"color: #008000;\">Michael Bunge<\/span><br \/>Marktplatz 3, 06429 Nienburg<\/p>\n<p><img decoding=\"async\" loading=\"lazy\" class=\"alignnone size-full wp-image-829\" src=\"http:\/\/nienburger-projekte.de\/wp-content\/uploads\/2023\/05\/Bunge-HuG-2023-3.jpg\" alt=\"\" width=\"1417\" height=\"1063\" srcset=\"http:\/\/nienburger-projekte.de\/wp-content\/uploads\/2023\/05\/Bunge-HuG-2023-3.jpg 1417w, http:\/\/nienburger-projekte.de\/wp-content\/uploads\/2023\/05\/Bunge-HuG-2023-3-300x225.jpg 300w, http:\/\/nienburger-projekte.de\/wp-content\/uploads\/2023\/05\/Bunge-HuG-2023-3-1024x768.jpg 1024w, http:\/\/nienburger-projekte.de\/wp-content\/uploads\/2023\/05\/Bunge-HuG-2023-3-768x576.jpg 768w, http:\/\/nienburger-projekte.de\/wp-content\/uploads\/2023\/05\/Bunge-HuG-2023-3-350x263.jpg 350w, http:\/\/nienburger-projekte.de\/wp-content\/uploads\/2023\/05\/Bunge-HuG-2023-3-780x586.jpg 780w, http:\/\/nienburger-projekte.de\/wp-content\/uploads\/2023\/05\/Bunge-HuG-2023-3-250x188.jpg 250w\" sizes=\"(max-width: 1417px) 100vw, 1417px\" \/><\/p>\n<p style=\"text-align: center;\">\u00a0<\/p>\n<div id=\"LayoutBereich99LYR\">\n<table style=\"height: 30px;\" border=\"0\" width=\"560\" cellspacing=\"0\" cellpadding=\"0\">\n<tbody>\n<tr align=\"LEFT\" valign=\"TOP\">\n<td style=\"text-align: center;\">\u00a0<\/td>\n<\/tr>\n<\/tbody>\n<\/table>\n<\/div>\n<h6 style=\"text-align: center;\">Hat es Ihnen bislang gefallen oder Sie wollen\u00a0ebenfalls Ihre Gartent\u00fcr\u00a0f\u00fcr Besucher \u00f6ffnen, schreiben Sie uns: <span style=\"color: #008000;\"><a style=\"color: #008000;\" href=\"mailto:kontakt@nienburger-projekte.de\"><span style=\"font-family: 'Arial','sans-serif';\"><u>kontakt@nienburger-projekte.de<\/u><\/span><\/a><\/span><br \/>Sie k\u00f6nnen auch das <strong><span style=\"color: #008000;\"><a style=\"color: #008000;\" href=\"http:\/\/nienburger-projekte.de\/?page_id=205\">Kontaktformular<\/a><\/span><\/strong> benutzen.<\/h6>\n<p>\u00a0<\/p>\n<p><img decoding=\"async\" loading=\"lazy\" class=\"aligncenter\" src=\"http:\/\/nienburger-projekte.de\/wp-content\/uploads\/2025\/04\/16_Tag-2025-int.jpg\" width=\"346\" height=\"184\" \/><\/p>\n<p><img decoding=\"async\" loading=\"lazy\" class=\"aligncenter\" src=\"http:\/\/nienburger-projekte.de\/wp-content\/uploads\/2024\/04\/15_Tag-2024-Karte-150.jpg\" width=\"346\" height=\"243\" \/><\/p>\n<p><img decoding=\"async\" loading=\"lazy\" class=\"aligncenter\" src=\"http:\/\/nienburger-projekte.de\/wp-content\/uploads\/2023\/01\/14_Tag-2023-M-1024x538.jpg\" width=\"346\" height=\"182\" \/><\/p>\n<p><img decoding=\"async\" loading=\"lazy\" class=\"wp-image-621 aligncenter\" src=\"http:\/\/nienburger-projekte.de\/wp-content\/uploads\/2021\/12\/13_Tag-2022-M-1024x538.jpg\" alt=\"\" width=\"346\" height=\"182\" srcset=\"http:\/\/nienburger-projekte.de\/wp-content\/uploads\/2021\/12\/13_Tag-2022-M-1024x538.jpg 1024w, http:\/\/nienburger-projekte.de\/wp-content\/uploads\/2021\/12\/13_Tag-2022-M-300x158.jpg 300w, http:\/\/nienburger-projekte.de\/wp-content\/uploads\/2021\/12\/13_Tag-2022-M-768x404.jpg 768w, http:\/\/nienburger-projekte.de\/wp-content\/uploads\/2021\/12\/13_Tag-2022-M.jpg 1279w\" sizes=\"(max-width: 346px) 100vw, 346px\" \/><\/p>\n<p style=\"text-align: center;\"><img decoding=\"async\" loading=\"lazy\" class=\"alignnone  wp-image-615\" src=\"http:\/\/nienburger-projekte.de\/wp-content\/uploads\/2021\/03\/12_Tag-2021-Motiv-n-300x157.jpg\" alt=\"\" width=\"344\" height=\"180\" srcset=\"http:\/\/nienburger-projekte.de\/wp-content\/uploads\/2021\/03\/12_Tag-2021-Motiv-n-300x157.jpg 300w, http:\/\/nienburger-projekte.de\/wp-content\/uploads\/2021\/03\/12_Tag-2021-Motiv-n-768x402.jpg 768w, http:\/\/nienburger-projekte.de\/wp-content\/uploads\/2021\/03\/12_Tag-2021-Motiv-n-1024x536.jpg 1024w, http:\/\/nienburger-projekte.de\/wp-content\/uploads\/2021\/03\/12_Tag-2021-Motiv-n.jpg 1280w\" sizes=\"(max-width: 344px) 100vw, 344px\" \/><\/p>\n<div id=\"attachment_388\" style=\"width: 356px\" class=\"wp-caption aligncenter\"><img aria-describedby=\"caption-attachment-388\" decoding=\"async\" loading=\"lazy\" class=\"wp-image-388\" src=\"http:\/\/nienburger-projekte.de\/wp-content\/uploads\/2017\/03\/FKPN-Tag-H\u00f6fe-und-G\u00e4rten-2019-gro\u00df-Neu-300x174.jpg\" alt=\"\" width=\"346\" height=\"201\" srcset=\"http:\/\/nienburger-projekte.de\/wp-content\/uploads\/2017\/03\/FKPN-Tag-H\u00f6fe-und-G\u00e4rten-2019-gro\u00df-Neu-300x174.jpg 300w, http:\/\/nienburger-projekte.de\/wp-content\/uploads\/2017\/03\/FKPN-Tag-H\u00f6fe-und-G\u00e4rten-2019-gro\u00df-Neu-768x445.jpg 768w, http:\/\/nienburger-projekte.de\/wp-content\/uploads\/2017\/03\/FKPN-Tag-H\u00f6fe-und-G\u00e4rten-2019-gro\u00df-Neu-1024x594.jpg 1024w, http:\/\/nienburger-projekte.de\/wp-content\/uploads\/2017\/03\/FKPN-Tag-H\u00f6fe-und-G\u00e4rten-2019-gro\u00df-Neu.jpg 1325w\" sizes=\"(max-width: 346px) 100vw, 346px\" \/><p id=\"caption-attachment-388\" class=\"wp-caption-text\">Unser Motiv von 2019<\/p><\/div>\n<p>\u00a0<\/p>\n<div id=\"attachment_364\" style=\"width: 355px\" class=\"wp-caption aligncenter\"><img aria-describedby=\"caption-attachment-364\" decoding=\"async\" loading=\"lazy\" class=\"wp-image-364\" src=\"http:\/\/nienburger-projekte.de\/wp-content\/uploads\/2018\/03\/9_Tag-2018_A-1024x538.jpg\" width=\"345\" height=\"181\" srcset=\"http:\/\/nienburger-projekte.de\/wp-content\/uploads\/2018\/03\/9_Tag-2018_A-1024x538.jpg 1024w, http:\/\/nienburger-projekte.de\/wp-content\/uploads\/2018\/03\/9_Tag-2018_A-300x158.jpg 300w, http:\/\/nienburger-projekte.de\/wp-content\/uploads\/2018\/03\/9_Tag-2018_A-768x403.jpg 768w, http:\/\/nienburger-projekte.de\/wp-content\/uploads\/2018\/03\/9_Tag-2018_A.jpg 1325w\" sizes=\"(max-width: 345px) 100vw, 345px\" \/><p id=\"caption-attachment-364\" class=\"wp-caption-text\">Unser Motiv von 2018<\/p><\/div>\n<h4 style=\"text-align: center;\"><span style=\"color: #008000;\">Einstige Einblicke<\/span><\/h4>\n<div id=\"attachment_193\" style=\"width: 355px\" class=\"wp-caption aligncenter\"><a href=\"http:\/\/nienburger-projekte.de\/?page_id=192\"><img aria-describedby=\"caption-attachment-193\" decoding=\"async\" loading=\"lazy\" class=\"wp-image-193\" src=\"http:\/\/nienburger-projekte.de\/wp-content\/uploads\/2017\/03\/3_Tag-2012.jpg\" alt=\"Zum Video\" width=\"345\" height=\"181\" srcset=\"http:\/\/nienburger-projekte.de\/wp-content\/uploads\/2017\/03\/3_Tag-2012.jpg 318w, http:\/\/nienburger-projekte.de\/wp-content\/uploads\/2017\/03\/3_Tag-2012-300x158.jpg 300w\" sizes=\"(max-width: 345px) 100vw, 345px\" \/><\/a><p id=\"caption-attachment-193\" class=\"wp-caption-text\">Zum Video<\/p><\/div>\n\n\n<p><\/p>\n","protected":false},"excerpt":{"rendered":"<p>Willkommen im Gr\u00fcnen! Hei\u00dft es am 05. Juli 2026\u00a0zum Tag der offenen H\u00f6fe und G\u00e4rten inNienburg Saale und Umgebung\u00a011.00 Uhr bis 15.00 Uhr \u00a0 \u00a0 \u00a0Wenn Sie selbst teilnehmen m\u00f6chten, schreiben Sie uns! Verein zur F\u00f6rderung kultureller Projekte in Nienburg an der Saale e. V.\u00a0 \u00a0 kontakt@nienburger-projekte.de \u00a0Es \u00f6ffnen f\u00fcr Sie am 5. Juli 2026: <a class=\"more-link\" href=\"http:\/\/nienburger-projekte.de\/?page_id=179\">weiterlesen&#8230;<\/a><\/p>\n","protected":false},"author":1,"featured_media":763,"parent":0,"menu_order":0,"comment_status":"closed","ping_status":"closed","template":"","meta":[],"_links":{"self":[{"href":"http:\/\/nienburger-projekte.de\/index.php?rest_route=\/wp\/v2\/pages\/179"}],"collection":[{"href":"http:\/\/nienburger-projekte.de\/index.php?rest_route=\/wp\/v2\/pages"}],"about":[{"href":"http:\/\/nienburger-projekte.de\/index.php?rest_route=\/wp\/v2\/types\/page"}],"author":[{"embeddable":true,"href":"http:\/\/nienburger-projekte.de\/index.php?rest_route=\/wp\/v2\/users\/1"}],"replies":[{"embeddable":true,"href":"http:\/\/nienburger-projekte.de\/index.php?rest_route=%2Fwp%2Fv2%2Fcomments&post=179"}],"version-history":[{"count":85,"href":"http:\/\/nienburger-projekte.de\/index.php?rest_route=\/wp\/v2\/pages\/179\/revisions"}],"predecessor-version":[{"id":903,"href":"http:\/\/nienburger-projekte.de\/index.php?rest_route=\/wp\/v2\/pages\/179\/revisions\/903"}],"wp:featuredmedia":[{"embeddable":true,"href":"http:\/\/nienburger-projekte.de\/index.php?rest_route=\/wp\/v2\/media\/763"}],"wp:attachment":[{"href":"http:\/\/nienburger-projekte.de\/index.php?rest_route=%2Fwp%2Fv2%2Fmedia&parent=179"}],"curies":[{"name":"wp","href":"https:\/\/api.w.org\/{rel}","templated":true}]}}