{"id":152,"date":"2017-02-28T00:31:35","date_gmt":"2017-02-27T23:31:35","guid":{"rendered":"http:\/\/nienburger-projekte.de\/?page_id=152"},"modified":"2018-12-08T21:51:33","modified_gmt":"2018-12-08T20:51:33","slug":"mitglied-werden","status":"publish","type":"page","link":"http:\/\/nienburger-projekte.de\/?page_id=152","title":{"rendered":"Mitglied werden"},"content":{"rendered":"<h4><\/h4>\n<h4>im Verein und die Projekte mit unterst\u00fctzen<br \/>\nweils gemeinsam besser geht<\/h4>\n<p><a href=\"http:\/\/nienburger-projekte.de\/wp-content\/uploads\/2017\/02\/Mitgliedsantrag-NEU-2017.pdf\"><img decoding=\"async\" loading=\"lazy\" class=\"aligncenter wp-image-94 size-medium\" title=\"Antrag herunterladen\" src=\"http:\/\/nienburger-projekte.de\/wp-content\/uploads\/2017\/02\/VereinsWappen-300x300.gif\" width=\"300\" height=\"300\" srcset=\"http:\/\/nienburger-projekte.de\/wp-content\/uploads\/2017\/02\/VereinsWappen-300x300.gif 300w, http:\/\/nienburger-projekte.de\/wp-content\/uploads\/2017\/02\/VereinsWappen-150x150.gif 150w\" sizes=\"(max-width: 300px) 100vw, 300px\" \/><\/a><\/p>\n<h6>\u00a7 5\u00a0 Mitgliedschaft<\/h6>\n<ol>\n<li>Mitglied kann jede nat\u00fcrliche und juristische Person werden. Der Beitritt ist schriftlich zu erkl\u00e4ren. \u00dcber die Aufnahme entscheidet der Vorstand.<\/li>\n<li>Der Austritt ist zum Ende eines Kalenderjahres m\u00f6glich. Dieser muss schriftlich erkl\u00e4rt werden.<\/li>\n<li>Die Mitgliedschaft erlischt<br \/>\na) durch Austritt,<br \/>\nb) durch Ausschluss kraft Beschlusses der Mitgliederversammlung,<br \/>\nc) durch Tod des Mitglieds.<\/li>\n<\/ol>\n<h6>\u00a7 6\u00a0 Beitr\u00e4ge<\/h6>\n<div>Die Mitglieder zahlen einen von ihnen selbst bestimmten Beitrag, mindestens jedoch 60 Euro j\u00e4hrlich.<\/div>\n<div>Der Beitrag ist bis zum Ende des Kalenderjahres f\u00e4llig. Sch\u00fcler, Studenten und Arbeitslose sind von den<\/div>\n<div>Beitr\u00e4gen freigestellt.<\/div>\n<div>\n<h4><img decoding=\"async\" loading=\"lazy\" class=\" wp-image-259 aligncenter\" src=\"http:\/\/nienburger-projekte.de\/wp-content\/uploads\/2017\/03\/Logo-Cooler-Verein-1024x358.png\" alt=\"\" width=\"425\" height=\"149\" srcset=\"http:\/\/nienburger-projekte.de\/wp-content\/uploads\/2017\/03\/Logo-Cooler-Verein-1024x358.png 1024w, http:\/\/nienburger-projekte.de\/wp-content\/uploads\/2017\/03\/Logo-Cooler-Verein-300x105.png 300w, http:\/\/nienburger-projekte.de\/wp-content\/uploads\/2017\/03\/Logo-Cooler-Verein-768x268.png 768w, http:\/\/nienburger-projekte.de\/wp-content\/uploads\/2017\/03\/Logo-Cooler-Verein.png 1039w\" sizes=\"(max-width: 425px) 100vw, 425px\" \/><\/h4>\n<\/div>\n<div>\n<div style=\"text-align: center;\"><a href=\"http:\/\/nienburger-projekte.de\/wp-content\/uploads\/2017\/02\/Mitgliedsantrag-NEU-2017.pdf\">Mitgliedsantrag zum herunterladen<\/a><\/div>\n<\/div>\n<div style=\"text-align: center;\"><\/div>\n<div>\n<div style=\"text-align: center;\"><a href=\"http:\/\/nienburger-projekte.de\/wp-content\/uploads\/2017\/02\/Mitgliedsantrag-NEU-2017.pdf\"><img decoding=\"async\" loading=\"lazy\" class=\"aligncenter wp-image-143\" src=\"http:\/\/nienburger-projekte.de\/wp-content\/uploads\/2017\/02\/Logo-FKPN-rw-150x150.gif\" alt=\"Antrag herunterladen\" width=\"126\" height=\"126\" \/><\/a><\/div>\n<\/div>\n<div><\/div>\n","protected":false},"excerpt":{"rendered":"<p>im Verein und die Projekte mit unterst\u00fctzen weils gemeinsam besser geht \u00a7 5\u00a0 Mitgliedschaft Mitglied kann jede nat\u00fcrliche und juristische Person werden. Der Beitritt ist schriftlich zu erkl\u00e4ren. \u00dcber die Aufnahme entscheidet der Vorstand. Der Austritt ist zum Ende eines Kalenderjahres m\u00f6glich. Dieser muss schriftlich erkl\u00e4rt werden. Die Mitgliedschaft erlischt a) durch Austritt, b) durch <a class=\"more-link\" href=\"http:\/\/nienburger-projekte.de\/?page_id=152\">weiterlesen&#8230;<\/a><\/p>\n","protected":false},"author":1,"featured_media":0,"parent":0,"menu_order":7,"comment_status":"closed","ping_status":"closed","template":"","meta":[],"_links":{"self":[{"href":"http:\/\/nienburger-projekte.de\/index.php?rest_route=\/wp\/v2\/pages\/152"}],"collection":[{"href":"http:\/\/nienburger-projekte.de\/index.php?rest_route=\/wp\/v2\/pages"}],"about":[{"href":"http:\/\/nienburger-projekte.de\/index.php?rest_route=\/wp\/v2\/types\/page"}],"author":[{"embeddable":true,"href":"http:\/\/nienburger-projekte.de\/index.php?rest_route=\/wp\/v2\/users\/1"}],"replies":[{"embeddable":true,"href":"http:\/\/nienburger-projekte.de\/index.php?rest_route=%2Fwp%2Fv2%2Fcomments&post=152"}],"version-history":[{"count":6,"href":"http:\/\/nienburger-projekte.de\/index.php?rest_route=\/wp\/v2\/pages\/152\/revisions"}],"predecessor-version":[{"id":393,"href":"http:\/\/nienburger-projekte.de\/index.php?rest_route=\/wp\/v2\/pages\/152\/revisions\/393"}],"wp:attachment":[{"href":"http:\/\/nienburger-projekte.de\/index.php?rest_route=%2Fwp%2Fv2%2Fmedia&parent=152"}],"curies":[{"name":"wp","href":"https:\/\/api.w.org\/{rel}","templated":true}]}}